{"id":7584,"date":"2025-03-30T14:44:47","date_gmt":"2025-03-30T12:44:47","guid":{"rendered":"https:\/\/voirfilmtv.com\/?page_id=7584"},"modified":"2025-03-30T14:44:47","modified_gmt":"2025-03-30T12:44:47","slug":"reglement-zerofilm-telegram","status":"publish","type":"page","link":"https:\/\/voirfilmtv.com\/es\/reglement-zerofilm-telegram","title":{"rendered":"Reglas del grupo de Telegram"},"content":{"rendered":"<p class=\"\" data-start=\"83\" data-end=\"127\"><strong data-start=\"83\" data-end=\"125\">\u00a1Bienvenido al grupo de televisi\u00f3n VoirFilm!<\/strong><\/p>\n<p class=\"\" data-start=\"129\" data-end=\"495\">Nos complace darle la bienvenida y estamos seguros de que disfrutar\u00e1 de nuestra aplicaci\u00f3n de transmisi\u00f3n Zero Film. Este grupo fue creado para permitir a los usuarios intercambiar ideas, hacer preguntas y hacer sugerencias sobre la aplicaci\u00f3n. Para garantizar una buena experiencia para todos, hemos establecido algunas reglas simples a seguir.<\/p>\n<ul>\n<li data-start=\"497\" data-end=\"1024\">En primer lugar, est\u00e1 prohibido compartir enlaces que no est\u00e9n relacionados con la aplicaci\u00f3n. Esto incluye enlaces a sus perfiles de redes sociales como TikTok, Facebook o YouTube, as\u00ed como cualquier video personal no relacionado con la aplicaci\u00f3n y su uso.<\/li>\n<\/ul>\n<p data-start=\"497\" data-end=\"1024\">\n<ul>\n<li data-start=\"497\" data-end=\"1024\">Adem\u00e1s, no se permite la publicidad personal ni la promoci\u00f3n de productos y servicios dentro del grupo. Si desea promocionar, es imprescindible que contacte previamente a un administrador para obtener autorizaci\u00f3n.<\/li>\n<\/ul>\n<p data-start=\"1026\" data-end=\"1377\">\n<ul>\n<li data-start=\"1026\" data-end=\"1377\">Tambi\u00e9n queremos recordarles que este grupo no posee ni aloja ning\u00fan v\u00eddeo de pel\u00edculas o series. Este es exclusivamente un espacio de intercambio que permite a los miembros realizar solicitudes de contenido para agregar a la aplicaci\u00f3n Zero Film. Cualquier intento de compartir v\u00eddeos con derechos de autor ser\u00e1 eliminado inmediatamente.<\/li>\n<\/ul>\n<p data-start=\"1379\" data-end=\"1738\">\n<ul>\n<li data-start=\"1379\" data-end=\"1738\">El respeto es un valor fundamental en este grupo. Los insultos, comentarios ofensivos o discusiones sobre temas privados entre los miembros est\u00e1n estrictamente prohibidos. Os recordamos que este grupo re\u00fane a personas de diferentes culturas, or\u00edgenes y procedencias, y que es fundamental fomentar un clima de armon\u00eda donde todos se sientan c\u00f3modos.<\/li>\n<\/ul>\n<p class=\"\" data-start=\"1740\" data-end=\"1978\">Cualquiera que no respete estas normas estar\u00e1 sujeto a sanciones inmediatas por parte de nuestra Asistente Rosa, quien tomar\u00e1 las medidas necesarias para mantener el buen ambiente y el buen funcionamiento del grupo.<\/p>\n<p class=\"\" data-start=\"1980\" data-end=\"2043\">\u00a1Gracias por su comprensi\u00f3n y feliz uso de Zero Film!<\/p>","protected":false},"excerpt":{"rendered":"<p>Bienvenue dans le groupe VoirFilm TV ! Nous sommes heureux de vous accueillir parmi nous et persuad\u00e9s que vous appr\u00e9cierez notre application de streaming Zero Film. Ce groupe a \u00e9t\u00e9 cr\u00e9\u00e9 pour permettre aux utilisateurs d\u2019\u00e9changer, de poser des questions et de faire des suggestions sur l\u2019application. Afin de garantir une bonne exp\u00e9rience pour tous, [&hellip;]<\/p>\n","protected":false},"author":1,"featured_media":6647,"parent":0,"menu_order":0,"comment_status":"closed","ping_status":"closed","template":"","meta":{"footnotes":""},"class_list":["post-7584","page","type-page","status-publish","has-post-thumbnail"],"jetpack_sharing_enabled":true,"_links":{"self":[{"href":"https:\/\/voirfilmtv.com\/es\/wp-json\/wp\/v2\/pages\/7584","targetHints":{"allow":["GET"]}}],"collection":[{"href":"https:\/\/voirfilmtv.com\/es\/wp-json\/wp\/v2\/pages"}],"about":[{"href":"https:\/\/voirfilmtv.com\/es\/wp-json\/wp\/v2\/types\/page"}],"author":[{"embeddable":true,"href":"https:\/\/voirfilmtv.com\/es\/wp-json\/wp\/v2\/users\/1"}],"replies":[{"embeddable":true,"href":"https:\/\/voirfilmtv.com\/es\/wp-json\/wp\/v2\/comments?post=7584"}],"version-history":[{"count":1,"href":"https:\/\/voirfilmtv.com\/es\/wp-json\/wp\/v2\/pages\/7584\/revisions"}],"predecessor-version":[{"id":7585,"href":"https:\/\/voirfilmtv.com\/es\/wp-json\/wp\/v2\/pages\/7584\/revisions\/7585"}],"wp:featuredmedia":[{"embeddable":true,"href":"https:\/\/voirfilmtv.com\/es\/wp-json\/wp\/v2\/media\/6647"}],"wp:attachment":[{"href":"https:\/\/voirfilmtv.com\/es\/wp-json\/wp\/v2\/media?parent=7584"}],"curies":[{"name":"gracias","href":"https:\/\/api.w.org\/{rel}","templated":true}]}}