{"id":6674,"date":"2024-01-13T05:17:53","date_gmt":"2024-01-13T04:17:53","guid":{"rendered":"https:\/\/voirfilmtv.com\/download-zero-film-lite-apk-app"},"modified":"2024-12-31T10:42:06","modified_gmt":"2024-12-31T09:42:06","slug":"download-zero-film-lite-apk-app","status":"publish","type":"page","link":"https:\/\/voirfilmtv.com\/es\/download-zero-film-lite-apk-app","title":{"rendered":"Descargar la aplicaci\u00f3n Zero Film Lite APK"},"content":{"rendered":"<p>[vc_row][vc_column][bs-modern-grid-listing-3 overlay=\u00a0\u00bbsimple-gr\u00a0\u00bb columns=\u00a0\u00bb3&Prime; title=\u00a0\u00bb\u00a0\u00bb icon=\u00a0\u00bb\u00a0\u00bb hide_title=\u00a0\u00bb1&Prime; heading_color=\u00a0\u00bb\u00a0\u00bb heading_style=\u00a0\u00bbdefault\u00a0\u00bb title_link=\u00a0\u00bb\u00a0\u00bb category=\u00a0\u00bb3068&Prime; tag=\u00a0\u00bb\u00a0\u00bb count=\u00a0\u00bb3&Prime; post_ids=\u00a0\u00bb\u00a0\u00bb offset=\u00a0\u00bb\u00a0\u00bb featured_image=\u00a0\u00bb0&Prime; ignore_sticky_posts=\u00a0\u00bb1&Prime; author_ids=\u00a0\u00bb\u00a0\u00bb disable_duplicate=\u00a0\u00bb0&Prime; time_filter=\u00a0\u00bb\u00a0\u00bb order=\u00a0\u00bbDESC\u00a0\u00bb order_by=\u00a0\u00bbdate\u00a0\u00bb orderby_meta_key=\u00a0\u00bb\u00a0\u00bb orderby_meta_value_type=\u00a0\u00bbCHAR\u00a0\u00bb _name_1=\u00a0\u00bb\u00a0\u00bb post_type=\u00a0\u00bb\u00a0\u00bb taxonomy=\u00a0\u00bb\u00a0\u00bb _name_2=\u00a0\u00bb\u00a0\u00bb cats-tags-condition=\u00a0\u00bband\u00a0\u00bb cats-condition=\u00a0\u00bbin\u00a0\u00bb tags-condition=\u00a0\u00bbin\u00a0\u00bb tabs=\u00a0\u00bb\u00a0\u00bb tabs_cat_filter=\u00a0\u00bb\u00a0\u00bb tabs_tax_filter=\u00a0\u00bb\u00a0\u00bb tabs_content_type=\u00a0\u00bbdeferred\u00a0\u00bb paginate=\u00a0\u00bbnone\u00a0\u00bb pagination-show-label=\u00a0\u00bb0&Prime; pagination-slides-count=\u00a0\u00bb3&Prime; slider-animation-speed=\u00a0\u00bb750&Prime; slider-autoplay=\u00a0\u00bb1&Prime; slider-speed=\u00a0\u00bb3000&Prime; slider-control-dots=\u00a0\u00bboff\u00a0\u00bb slider-control-next-prev=\u00a0\u00bbstyle-1&Prime; bs-show-desktop=\u00a0\u00bb1&Prime; bs-show-tablet=\u00a0\u00bb1&Prime; bs-show-phone=\u00a0\u00bb1&Prime; custom-css-class=\u00a0\u00bb\u00a0\u00bb custom-id=\u00a0\u00bb\u00a0\u00bb override-listing-settings=\u00a0\u00bb0&Prime; listing-settings=\u00a0\u00bb\u00a0\u00bb bs-text-color-scheme=\u00a0\u00bb\u00a0\u00bb css=\u00a0\u00bb\u00a0\u00bb][\/vc_column][\/vc_row][vc_row css=\u00a0\u00bb.vc_custom_1705967192589{background-color: #0d1145 !important;}\u00a0\u00bb][vc_column][bs-grid-listing-1 columns=\u00a0\u00bb4&Prime; show_excerpt=\u00a0\u00bb0&Prime; title=\u00a0\u00bbPopular\u00a0\u00bb icon=\u00a0\u00bb\u00a0\u00bb hide_title=\u00a0\u00bb0&Prime; heading_color=\u00a0\u00bb\u00a0\u00bb heading_style=\u00a0\u00bbt6-s11&Prime; category=\u00a0\u00bb\u00a0\u00bb tag=\u00a0\u00bb\u00a0\u00bb count=\u00a0\u00bb4&Prime; featured_image=\u00a0\u00bb1&Prime; ignore_sticky_posts=\u00a0\u00bb0&Prime; author_ids=\u00a0\u00bb\u00a0\u00bb disable_duplicate=\u00a0\u00bb0&Prime; time_filter=\u00a0\u00bb\u00a0\u00bb order=\u00a0\u00bbDESC\u00a0\u00bb order_by=\u00a0\u00bbpopular\u00a0\u00bb _name_1=\u00a0\u00bb\u00a0\u00bb post_type=\u00a0\u00bb\u00a0\u00bb taxonomy=\u00a0\u00bb\u00a0\u00bb _name_2=\u00a0\u00bb\u00a0\u00bb cats-tags-condition=\u00a0\u00bband\u00a0\u00bb cats-condition=\u00a0\u00bbin\u00a0\u00bb tags-condition=\u00a0\u00bbin\u00a0\u00bb tabs=\u00a0\u00bb\u00a0\u00bb tabs_cat_filter=\u00a0\u00bb\u00a0\u00bb tabs_tax_filter=\u00a0\u00bb\u00a0\u00bb tabs_content_type=\u00a0\u00bbdeferred\u00a0\u00bb paginate=\u00a0\u00bbnone\u00a0\u00bb pagination-show-label=\u00a0\u00bb0&Prime; pagination-slides-count=\u00a0\u00bb3&Prime; slider-animation-speed=\u00a0\u00bb750&Prime; slider-autoplay=\u00a0\u00bb1&Prime; slider-speed=\u00a0\u00bb3000&Prime; slider-control-dots=\u00a0\u00bboff\u00a0\u00bb slider-control-next-prev=\u00a0\u00bbstyle-1&Prime; ad-active=\u00a0\u00bb0&Prime; ad-after_each=\u00a0\u00bb3&Prime; ad-type=\u00a0\u00bb\u00a0\u00bb ad-banner=\u00a0\u00bbnone\u00a0\u00bb ad-campaign=\u00a0\u00bbnone\u00a0\u00bb ad-count=\u00a0\u00bb\u00a0\u00bb ad-columns=\u00a0\u00bb1&Prime; ad-orderby=\u00a0\u00bbdate\u00a0\u00bb ad-order=\u00a0\u00bbASC\u00a0\u00bb ad-align=\u00a0\u00bbleft\u00a0\u00bb bs-show-desktop=\u00a0\u00bb1&Prime; bs-show-tablet=\u00a0\u00bb1&Prime; bs-show-phone=\u00a0\u00bb1&Prime; custom-css-class=\u00a0\u00bb\u00a0\u00bb custom-id=\u00a0\u00bb\u00a0\u00bb override-listing-settings=\u00a0\u00bb0&Prime; listing-settings=\u00a0\u00bb\u00a0\u00bb bs-text-color-scheme=\u00a0\u00bblight\u00a0\u00bb css=\u00a0\u00bb.vc_custom_1705960589234{margin-bottom: 10px !important;background-color: #0d1145 !important;}\u00a0\u00bb title_link=\u00a0\u00bb\u00a0\u00bb post_ids=\u00a0\u00bb\u00a0\u00bb offset=\u00a0\u00bb\u00a0\u00bb orderby_meta_key=\u00a0\u00bb\u00a0\u00bb orderby_meta_value_type=\u00a0\u00bbCHAR\u00a0\u00bb][\/vc_column][\/vc_row][vc_row css=\u00a0\u00bb.vc_custom_1705967215071{padding-bottom: 25px !important;background-color: #f3f5f8 !important;}\u00a0\u00bb][vc_column width=\u00a0\u00bb1\/3&Prime;][bs-mix-listing-3-4 title=\u00a0\u00bbAsian drama\u00a0\u00bb icon=\u00a0\u00bb\u00a0\u00bb hide_title=\u00a0\u00bb0&Prime; heading_color=\u00a0\u00bb#e701a0&Prime; heading_style=\u00a0\u00bbt6-s11&Prime; category=\u00a0\u00bb3070&Prime; tag=\u00a0\u00bb\u00a0\u00bb count=\u00a0\u00bb3&Prime; featured_image=\u00a0\u00bb0&Prime; ignore_sticky_posts=\u00a0\u00bb1&Prime; author_ids=\u00a0\u00bb\u00a0\u00bb disable_duplicate=\u00a0\u00bb0&Prime; time_filter=\u00a0\u00bb\u00a0\u00bb order=\u00a0\u00bbDESC\u00a0\u00bb order_by=\u00a0\u00bbdate\u00a0\u00bb _name_1=\u00a0\u00bb\u00a0\u00bb post_type=\u00a0\u00bb\u00a0\u00bb taxonomy=\u00a0\u00bb\u00a0\u00bb _name_2=\u00a0\u00bb\u00a0\u00bb cats-tags-condition=\u00a0\u00bband\u00a0\u00bb cats-condition=\u00a0\u00bbin\u00a0\u00bb tags-condition=\u00a0\u00bbin\u00a0\u00bb tabs=\u00a0\u00bb\u00a0\u00bb tabs_cat_filter=\u00a0\u00bb\u00a0\u00bb tabs_tax_filter=\u00a0\u00bb\u00a0\u00bb tabs_content_type=\u00a0\u00bbdeferred\u00a0\u00bb paginate=\u00a0\u00bbnone\u00a0\u00bb pagination-show-label=\u00a0\u00bb0&Prime; pagination-slides-count=\u00a0\u00bb3&Prime; slider-animation-speed=\u00a0\u00bb750&Prime; slider-autoplay=\u00a0\u00bb1&Prime; slider-speed=\u00a0\u00bb3000&Prime; slider-control-dots=\u00a0\u00bboff\u00a0\u00bb slider-control-next-prev=\u00a0\u00bbstyle-1&Prime; bs-show-desktop=\u00a0\u00bb1&Prime; bs-show-tablet=\u00a0\u00bb1&Prime; bs-show-phone=\u00a0\u00bb1&Prime; custom-css-class=\u00a0\u00bb\u00a0\u00bb custom-id=\u00a0\u00bb\u00a0\u00bb override-listing-settings=\u00a0\u00bb0&Prime; listing-settings=\u00a0\u00bb\u00a0\u00bb bs-text-color-scheme=\u00a0\u00bb\u00a0\u00bb css=\u00a0\u00bb.vc_custom_1705942303495{margin-bottom: 15px !important;background-color: #f3f5f8 !important;}\u00a0\u00bb title_link=\u00a0\u00bb\u00a0\u00bb post_ids=\u00a0\u00bb\u00a0\u00bb offset=\u00a0\u00bb\u00a0\u00bb orderby_meta_key=\u00a0\u00bb\u00a0\u00bb orderby_meta_value_type=\u00a0\u00bbCHAR\u00a0\u00bb][\/vc_column][vc_column width=\u00a0\u00bb1\/3&Prime;][bs-mix-listing-3-4 title=\u00a0\u00bbNews\u00a0\u00bb icon=\u00a0\u00bb\u00a0\u00bb hide_title=\u00a0\u00bb0&Prime; heading_color=\u00a0\u00bb#8828e4&Prime; heading_style=\u00a0\u00bbt6-s11&Prime; category=\u00a0\u00bb3069&Prime; tag=\u00a0\u00bb\u00a0\u00bb count=\u00a0\u00bb3&Prime; featured_image=\u00a0\u00bb0&Prime; ignore_sticky_posts=\u00a0\u00bb0&Prime; author_ids=\u00a0\u00bb\u00a0\u00bb disable_duplicate=\u00a0\u00bb0&Prime; time_filter=\u00a0\u00bb\u00a0\u00bb order=\u00a0\u00bbDESC\u00a0\u00bb order_by=\u00a0\u00bbdate\u00a0\u00bb _name_1=\u00a0\u00bb\u00a0\u00bb post_type=\u00a0\u00bb\u00a0\u00bb taxonomy=\u00a0\u00bb\u00a0\u00bb _name_2=\u00a0\u00bb\u00a0\u00bb cats-tags-condition=\u00a0\u00bband\u00a0\u00bb cats-condition=\u00a0\u00bbin\u00a0\u00bb tags-condition=\u00a0\u00bbin\u00a0\u00bb tabs=\u00a0\u00bb\u00a0\u00bb tabs_cat_filter=\u00a0\u00bb\u00a0\u00bb tabs_tax_filter=\u00a0\u00bb\u00a0\u00bb tabs_content_type=\u00a0\u00bbdeferred\u00a0\u00bb paginate=\u00a0\u00bbnone\u00a0\u00bb pagination-show-label=\u00a0\u00bb0&Prime; pagination-slides-count=\u00a0\u00bb3&Prime; slider-animation-speed=\u00a0\u00bb750&Prime; slider-autoplay=\u00a0\u00bb1&Prime; slider-speed=\u00a0\u00bb3000&Prime; slider-control-dots=\u00a0\u00bboff\u00a0\u00bb slider-control-next-prev=\u00a0\u00bbstyle-1&Prime; bs-show-desktop=\u00a0\u00bb1&Prime; bs-show-tablet=\u00a0\u00bb1&Prime; bs-show-phone=\u00a0\u00bb1&Prime; custom-css-class=\u00a0\u00bb\u00a0\u00bb custom-id=\u00a0\u00bb\u00a0\u00bb override-listing-settings=\u00a0\u00bb0&Prime; listing-settings=\u00a0\u00bb\u00a0\u00bb bs-text-color-scheme=\u00a0\u00bb\u00a0\u00bb css=\u00a0\u00bb.vc_custom_1705942318693{margin-bottom: 15px !important;background-color: #f3f5f8 !important;}\u00a0\u00bb title_link=\u00a0\u00bb\u00a0\u00bb post_ids=\u00a0\u00bb\u00a0\u00bb offset=\u00a0\u00bb\u00a0\u00bb orderby_meta_key=\u00a0\u00bb\u00a0\u00bb orderby_meta_value_type=\u00a0\u00bbCHAR\u00a0\u00bb][\/vc_column][vc_column width=\u00a0\u00bb1\/3&Prime;][bs-mix-listing-3-4 title=\u00a0\u00bbDownload\u00a0\u00bb icon=\u00a0\u00bb\u00a0\u00bb hide_title=\u00a0\u00bb0&Prime; heading_color=\u00a0\u00bb#0003e5&Prime; heading_style=\u00a0\u00bbt6-s11&Prime; category=\u00a0\u00bb3067&Prime; tag=\u00a0\u00bb\u00a0\u00bb count=\u00a0\u00bb3&Prime; featured_image=\u00a0\u00bb0&Prime; ignore_sticky_posts=\u00a0\u00bb1&Prime; author_ids=\u00a0\u00bb\u00a0\u00bb disable_duplicate=\u00a0\u00bb0&Prime; time_filter=\u00a0\u00bb\u00a0\u00bb order=\u00a0\u00bbDESC\u00a0\u00bb order_by=\u00a0\u00bbdate\u00a0\u00bb _name_1=\u00a0\u00bb\u00a0\u00bb post_type=\u00a0\u00bb\u00a0\u00bb taxonomy=\u00a0\u00bb\u00a0\u00bb _name_2=\u00a0\u00bb\u00a0\u00bb cats-tags-condition=\u00a0\u00bband\u00a0\u00bb cats-condition=\u00a0\u00bbin\u00a0\u00bb tags-condition=\u00a0\u00bbin\u00a0\u00bb tabs=\u00a0\u00bb\u00a0\u00bb tabs_cat_filter=\u00a0\u00bb\u00a0\u00bb tabs_tax_filter=\u00a0\u00bb\u00a0\u00bb tabs_content_type=\u00a0\u00bbdeferred\u00a0\u00bb paginate=\u00a0\u00bbnone\u00a0\u00bb pagination-show-label=\u00a0\u00bb0&Prime; pagination-slides-count=\u00a0\u00bb3&Prime; slider-animation-speed=\u00a0\u00bb750&Prime; slider-autoplay=\u00a0\u00bb1&Prime; slider-speed=\u00a0\u00bb3000&Prime; slider-control-dots=\u00a0\u00bboff\u00a0\u00bb slider-control-next-prev=\u00a0\u00bbstyle-1&Prime; bs-show-desktop=\u00a0\u00bb1&Prime; bs-show-tablet=\u00a0\u00bb1&Prime; bs-show-phone=\u00a0\u00bb1&Prime; custom-css-class=\u00a0\u00bb\u00a0\u00bb custom-id=\u00a0\u00bb\u00a0\u00bb override-listing-settings=\u00a0\u00bb0&Prime; listing-settings=\u00a0\u00bb\u00a0\u00bb bs-text-color-scheme=\u00a0\u00bb\u00a0\u00bb css=\u00a0\u00bb.vc_custom_1705942328504{margin-bottom: 15px !important;background-color: #f3f5f8 !important;}\u00a0\u00bb title_link=\u00a0\u00bb\u00a0\u00bb post_ids=\u00a0\u00bb\u00a0\u00bb offset=\u00a0\u00bb\u00a0\u00bb orderby_meta_key=\u00a0\u00bb\u00a0\u00bb orderby_meta_value_type=\u00a0\u00bbCHAR\u00a0\u00bb][\/vc_column][\/vc_row][vc_row][vc_column][bs-modern-grid-listing-3 overlay=\u00a0\u00bbsimple-gr\u00a0\u00bb columns=\u00a0\u00bb4&Prime; title=\u00a0\u00bbAll\u00a0\u00bb icon=\u00a0\u00bb\u00a0\u00bb hide_title=\u00a0\u00bb0&Prime; heading_color=\u00a0\u00bb\u00a0\u00bb heading_style=\u00a0\u00bbt6-s11&Prime; title_link=\u00a0\u00bb\u00a0\u00bb category=\u00a0\u00bb\u00a0\u00bb tag=\u00a0\u00bb\u00a0\u00bb count=\u00a0\u00bb4&Prime; post_ids=\u00a0\u00bb\u00a0\u00bb offset=\u00a0\u00bb\u00a0\u00bb featured_image=\u00a0\u00bb1&Prime; ignore_sticky_posts=\u00a0\u00bb1&Prime; author_ids=\u00a0\u00bb\u00a0\u00bb disable_duplicate=\u00a0\u00bb0&Prime; time_filter=\u00a0\u00bb\u00a0\u00bb order=\u00a0\u00bbDESC\u00a0\u00bb order_by=\u00a0\u00bbdate\u00a0\u00bb orderby_meta_key=\u00a0\u00bb\u00a0\u00bb orderby_meta_value_type=\u00a0\u00bbCHAR\u00a0\u00bb _name_1=\u00a0\u00bb\u00a0\u00bb post_type=\u00a0\u00bb\u00a0\u00bb taxonomy=\u00a0\u00bb\u00a0\u00bb _name_2=\u00a0\u00bb\u00a0\u00bb cats-tags-condition=\u00a0\u00bband\u00a0\u00bb cats-condition=\u00a0\u00bbin\u00a0\u00bb tags-condition=\u00a0\u00bbin\u00a0\u00bb tabs=\u00a0\u00bb\u00a0\u00bb tabs_cat_filter=\u00a0\u00bb\u00a0\u00bb tabs_tax_filter=\u00a0\u00bb\u00a0\u00bb tabs_content_type=\u00a0\u00bbdeferred\u00a0\u00bb paginate=\u00a0\u00bbsimple_numbered\u00a0\u00bb pagination-show-label=\u00a0\u00bb1&Prime; pagination-slides-count=\u00a0\u00bb3&Prime; slider-animation-speed=\u00a0\u00bb750&Prime; slider-autoplay=\u00a0\u00bb1&Prime; slider-speed=\u00a0\u00bb3000&Prime; slider-control-dots=\u00a0\u00bboff\u00a0\u00bb slider-control-next-prev=\u00a0\u00bbstyle-2&Prime; bs-show-desktop=\u00a0\u00bb1&Prime; bs-show-tablet=\u00a0\u00bb1&Prime; bs-show-phone=\u00a0\u00bb1&Prime; custom-css-class=\u00a0\u00bb\u00a0\u00bb custom-id=\u00a0\u00bb\u00a0\u00bb override-listing-settings=\u00a0\u00bb0&Prime; listing-settings=\u00a0\u00bb\u00a0\u00bb bs-text-color-scheme=\u00a0\u00bb\u00a0\u00bb css=\u00a0\u00bb\u00a0\u00bb][\/vc_column][\/vc_row]<\/p>\n","protected":false},"excerpt":{"rendered":"<p>Reconocer que su ser querido podr\u00eda necesitar terapia de salud mental es una cosa, pero saber qu\u00e9 hacer a continuaci\u00f3n es otra. \u00a1Estas sugerencias pueden ayudarle a ayudar a su ser querido a buscar ayuda! <\/p>","protected":false},"author":1,"featured_media":6635,"parent":0,"menu_order":0,"comment_status":"closed","ping_status":"closed","template":"","meta":{"footnotes":""},"class_list":["post-6674","page","type-page","status-publish","has-post-thumbnail"],"jetpack_sharing_enabled":true,"_links":{"self":[{"href":"https:\/\/voirfilmtv.com\/es\/wp-json\/wp\/v2\/pages\/6674","targetHints":{"allow":["GET"]}}],"collection":[{"href":"https:\/\/voirfilmtv.com\/es\/wp-json\/wp\/v2\/pages"}],"about":[{"href":"https:\/\/voirfilmtv.com\/es\/wp-json\/wp\/v2\/types\/page"}],"author":[{"embeddable":true,"href":"https:\/\/voirfilmtv.com\/es\/wp-json\/wp\/v2\/users\/1"}],"replies":[{"embeddable":true,"href":"https:\/\/voirfilmtv.com\/es\/wp-json\/wp\/v2\/comments?post=6674"}],"version-history":[{"count":1,"href":"https:\/\/voirfilmtv.com\/es\/wp-json\/wp\/v2\/pages\/6674\/revisions"}],"predecessor-version":[{"id":7488,"href":"https:\/\/voirfilmtv.com\/es\/wp-json\/wp\/v2\/pages\/6674\/revisions\/7488"}],"wp:featuredmedia":[{"embeddable":true,"href":"https:\/\/voirfilmtv.com\/es\/wp-json\/wp\/v2\/media\/6635"}],"wp:attachment":[{"href":"https:\/\/voirfilmtv.com\/es\/wp-json\/wp\/v2\/media?parent=6674"}],"curies":[{"name":"gracias","href":"https:\/\/api.w.org\/{rel}","templated":true}]}}