{"id":5865,"date":"2023-09-03T16:50:27","date_gmt":"2023-09-03T14:50:27","guid":{"rendered":"https:\/\/voirfilmtv.com\/?page_id=5865"},"modified":"2023-09-03T16:50:27","modified_gmt":"2023-09-03T14:50:27","slug":"dmca","status":"publish","type":"page","link":"https:\/\/voirfilmtv.com\/es\/dmca","title":{"rendered":"DMCA"},"content":{"rendered":"<p>\u00a1ATENCI\u00d3N!<\/p>\n<p>El sitio web no contiene ning\u00fan material protegido por derechos de autor. No alojamos ning\u00fan archivo que viole los derechos de autor. Todos los productos presentados en el sitio web se publican bajo la Licencia P\u00fablica General GNU.<\/p>\n<p>Sin embargo, si est\u00e1 seguro de haber encontrado material protegido por derechos de autor, env\u00edenos una solicitud por correo electr\u00f3nico a dmca@voirfilmtv.com<\/p>\n<p>En su solicitud, especifique los enlaces al material que cree que est\u00e1 protegido por derechos de autor y adjunte documentaci\u00f3n de respaldo.<\/p>\n<p>Nos comprometemos a eliminar cualquier material que infrinja los derechos de autor dentro de las 48 horas siguientes a la recepci\u00f3n de la solicitud.<\/p>","protected":false},"excerpt":{"rendered":"<p>ATTENTION! Le site Web ne contient aucun \u00e9l\u00e9ment prot\u00e9g\u00e9 par le droit d\u2019auteur. Nous n&rsquo;h\u00e9bergeons aucun fichier qui viole le droit d&rsquo;auteur. Tous les produits pr\u00e9sent\u00e9s sur le site Web sont publi\u00e9s sous licence publique g\u00e9n\u00e9rale GNU. Cependant, si vous \u00eates s\u00fbr d&rsquo;avoir trouv\u00e9 un mat\u00e9riel prot\u00e9g\u00e9 par le droit d&rsquo;auteur, veuillez nous envoyer une [&hellip;]<\/p>\n","protected":false},"author":1,"featured_media":0,"parent":0,"menu_order":0,"comment_status":"closed","ping_status":"closed","template":"","meta":{"footnotes":""},"class_list":["post-5865","page","type-page","status-publish"],"jetpack_sharing_enabled":true,"_links":{"self":[{"href":"https:\/\/voirfilmtv.com\/es\/wp-json\/wp\/v2\/pages\/5865","targetHints":{"allow":["GET"]}}],"collection":[{"href":"https:\/\/voirfilmtv.com\/es\/wp-json\/wp\/v2\/pages"}],"about":[{"href":"https:\/\/voirfilmtv.com\/es\/wp-json\/wp\/v2\/types\/page"}],"author":[{"embeddable":true,"href":"https:\/\/voirfilmtv.com\/es\/wp-json\/wp\/v2\/users\/1"}],"replies":[{"embeddable":true,"href":"https:\/\/voirfilmtv.com\/es\/wp-json\/wp\/v2\/comments?post=5865"}],"version-history":[{"count":0,"href":"https:\/\/voirfilmtv.com\/es\/wp-json\/wp\/v2\/pages\/5865\/revisions"}],"wp:attachment":[{"href":"https:\/\/voirfilmtv.com\/es\/wp-json\/wp\/v2\/media?parent=5865"}],"curies":[{"name":"gracias","href":"https:\/\/api.w.org\/{rel}","templated":true}]}}