{"id":7584,"date":"2025-03-30T14:44:47","date_gmt":"2025-03-30T12:44:47","guid":{"rendered":"https:\/\/voirfilmtv.com\/?page_id=7584"},"modified":"2025-03-30T14:44:47","modified_gmt":"2025-03-30T12:44:47","slug":"reglement-zerofilm-telegram","status":"publish","type":"page","link":"https:\/\/voirfilmtv.com\/en\/reglement-zerofilm-telegram","title":{"rendered":"Telegram Group Rules"},"content":{"rendered":"<p class=\"\" data-start=\"83\" data-end=\"127\"><strong data-start=\"83\" data-end=\"125\">Welcome to the VoirFilm TV group!<\/strong><\/p>\n<p class=\"\" data-start=\"129\" data-end=\"495\">We&#039;re excited to welcome you and are confident you&#039;ll enjoy our Zero Film streaming app. This group was created to allow users to share their experiences, ask questions, and make suggestions about the app. To ensure a positive experience for everyone, we&#039;ve established a few simple rules to follow.<\/p>\n<ul>\n<li data-start=\"497\" data-end=\"1024\">First, it&#039;s forbidden to share links that aren&#039;t related to the app. This includes links to your social media profiles like TikTok, Facebook, or YouTube, as well as any personal videos that have nothing to do with the app and its use.<\/li>\n<\/ul>\n<p data-start=\"497\" data-end=\"1024\">\n<ul>\n<li data-start=\"497\" data-end=\"1024\">Additionally, personal advertising or the promotion of products and services within the group is not permitted. If you wish to promote yourself, it is imperative that you contact an administrator beforehand to obtain permission.<\/li>\n<\/ul>\n<p data-start=\"1026\" data-end=\"1377\">\n<ul>\n<li data-start=\"1026\" data-end=\"1377\">We also want to remind you that this group does not own or host any movie or TV videos. It is solely a forum for members to request content to be added to the Zero Film app. Any attempt to share copyrighted videos will be immediately removed.<\/li>\n<\/ul>\n<p data-start=\"1379\" data-end=\"1738\">\n<ul>\n<li data-start=\"1379\" data-end=\"1738\">Respect is a core value in this group. Insults, offensive remarks, or discussions about private matters between members are strictly prohibited. We remind you that this group brings together people from different cultures, backgrounds, and origins, and it is essential to foster a harmonious environment where everyone feels comfortable.<\/li>\n<\/ul>\n<p class=\"\" data-start=\"1740\" data-end=\"1978\">Anyone who does not respect these rules is liable to immediate sanctions from our Assistant Rose, who will take the necessary measures to maintain the good atmosphere and smooth functioning of the group.<\/p>\n<p class=\"\" data-start=\"1980\" data-end=\"2043\">Thank you for your understanding and happy using Zero Film!<\/p>","protected":false},"excerpt":{"rendered":"<p>Bienvenue dans le groupe VoirFilm TV ! Nous sommes heureux de vous accueillir parmi nous et persuad\u00e9s que vous appr\u00e9cierez notre application de streaming Zero Film. Ce groupe a \u00e9t\u00e9 cr\u00e9\u00e9 pour permettre aux utilisateurs d\u2019\u00e9changer, de poser des questions et de faire des suggestions sur l\u2019application. Afin de garantir une bonne exp\u00e9rience pour tous, [&hellip;]<\/p>\n","protected":false},"author":1,"featured_media":6647,"parent":0,"menu_order":0,"comment_status":"closed","ping_status":"closed","template":"","meta":{"footnotes":""},"class_list":["post-7584","page","type-page","status-publish","has-post-thumbnail"],"jetpack_sharing_enabled":true,"_links":{"self":[{"href":"https:\/\/voirfilmtv.com\/en\/wp-json\/wp\/v2\/pages\/7584","targetHints":{"allow":["GET"]}}],"collection":[{"href":"https:\/\/voirfilmtv.com\/en\/wp-json\/wp\/v2\/pages"}],"about":[{"href":"https:\/\/voirfilmtv.com\/en\/wp-json\/wp\/v2\/types\/page"}],"author":[{"embeddable":true,"href":"https:\/\/voirfilmtv.com\/en\/wp-json\/wp\/v2\/users\/1"}],"replies":[{"embeddable":true,"href":"https:\/\/voirfilmtv.com\/en\/wp-json\/wp\/v2\/comments?post=7584"}],"version-history":[{"count":1,"href":"https:\/\/voirfilmtv.com\/en\/wp-json\/wp\/v2\/pages\/7584\/revisions"}],"predecessor-version":[{"id":7585,"href":"https:\/\/voirfilmtv.com\/en\/wp-json\/wp\/v2\/pages\/7584\/revisions\/7585"}],"wp:featuredmedia":[{"embeddable":true,"href":"https:\/\/voirfilmtv.com\/en\/wp-json\/wp\/v2\/media\/6647"}],"wp:attachment":[{"href":"https:\/\/voirfilmtv.com\/en\/wp-json\/wp\/v2\/media?parent=7584"}],"curies":[{"name":"wp","href":"https:\/\/api.w.org\/{rel}","templated":true}]}}