{"id":5865,"date":"2023-09-03T16:50:27","date_gmt":"2023-09-03T14:50:27","guid":{"rendered":"https:\/\/voirfilmtv.com\/?page_id=5865"},"modified":"2023-09-03T16:50:27","modified_gmt":"2023-09-03T14:50:27","slug":"dmca","status":"publish","type":"page","link":"https:\/\/voirfilmtv.com\/en\/dmca","title":{"rendered":"DMCA"},"content":{"rendered":"<p>ATTENTION!<\/p>\n<p>The website does not contain any copyrighted material. We do not host any files that infringe copyright. All materials presented on the website are published under the GNU General Public License.<\/p>\n<p>However, if you are sure you have found copyrighted material, please send us a request by email to dmca@voirfilmtv.com<\/p>\n<p>In your request, please specify the links to the material you believe is protected by copyright and attach supporting documentation.<\/p>\n<p>We undertake to remove any material found to be infringing copyright within 48 hours of receiving the request.<\/p>","protected":false},"excerpt":{"rendered":"<p>ATTENTION! Le site Web ne contient aucun \u00e9l\u00e9ment prot\u00e9g\u00e9 par le droit d\u2019auteur. Nous n&rsquo;h\u00e9bergeons aucun fichier qui viole le droit d&rsquo;auteur. Tous les produits pr\u00e9sent\u00e9s sur le site Web sont publi\u00e9s sous licence publique g\u00e9n\u00e9rale GNU. Cependant, si vous \u00eates s\u00fbr d&rsquo;avoir trouv\u00e9 un mat\u00e9riel prot\u00e9g\u00e9 par le droit d&rsquo;auteur, veuillez nous envoyer une [&hellip;]<\/p>\n","protected":false},"author":1,"featured_media":0,"parent":0,"menu_order":0,"comment_status":"closed","ping_status":"closed","template":"","meta":{"footnotes":""},"class_list":["post-5865","page","type-page","status-publish"],"jetpack_sharing_enabled":true,"_links":{"self":[{"href":"https:\/\/voirfilmtv.com\/en\/wp-json\/wp\/v2\/pages\/5865","targetHints":{"allow":["GET"]}}],"collection":[{"href":"https:\/\/voirfilmtv.com\/en\/wp-json\/wp\/v2\/pages"}],"about":[{"href":"https:\/\/voirfilmtv.com\/en\/wp-json\/wp\/v2\/types\/page"}],"author":[{"embeddable":true,"href":"https:\/\/voirfilmtv.com\/en\/wp-json\/wp\/v2\/users\/1"}],"replies":[{"embeddable":true,"href":"https:\/\/voirfilmtv.com\/en\/wp-json\/wp\/v2\/comments?post=5865"}],"version-history":[{"count":0,"href":"https:\/\/voirfilmtv.com\/en\/wp-json\/wp\/v2\/pages\/5865\/revisions"}],"wp:attachment":[{"href":"https:\/\/voirfilmtv.com\/en\/wp-json\/wp\/v2\/media?parent=5865"}],"curies":[{"name":"wp","href":"https:\/\/api.w.org\/{rel}","templated":true}]}}