{"id":1151,"date":"2016-05-24T16:06:45","date_gmt":"2016-05-24T16:06:45","guid":{"rendered":"https:\/\/cheerup.theme-sphere.com\/magazine\/?page_id=290"},"modified":"2025-12-08T11:05:43","modified_gmt":"2025-12-08T10:05:43","slug":"contact","status":"publish","type":"page","link":"https:\/\/voirfilmtv.com\/en\/contact","title":{"rendered":"Contact us"},"content":{"rendered":"<p>Nous sommes tr\u00e8s heureux de savoir que vous \u00eates sur cette page pour nous laisser une suggestion, une remarque, une demande du contenu ou autrement quelque chose de plus importante pour l&rsquo;am\u00e9lioration de l&rsquo;application <strong>Voir Film TV<\/strong>.<\/p>\n<p>Veuillez utiliser le formulaire pour nous contacter !<\/p>\n<p><strong>Address:<\/strong> Lorem 15 Str., 4844, Ipsum, State, UK<br \/>\n<strong>Phone:<\/strong> +30-2106019311<\/p>\n<hr \/>\n<p class=\"wpcf7-contact-form-not-found\"><strong>Error:<\/strong> Contact form not found.<\/p>\n<p>[mc4wp_form id=337]<\/p>\n<h2>Comment contacter un administrateur<\/h2>\n<p>Les administrateurs sont \u00e0 votre \u00e9coute du lundi au vendredi de 08h00 \u00e0 20h00 et le Week-End de 10h00 \u00e0 14h00, nous sommes joignables sur notre\u00a0<a href=\"https:\/\/t.me\/VoirFilmTV\" target=\"_blank\" rel=\"noopener nofollow\"><b>Canal Telegram Voir Film TV\u00a0<\/b><\/a>ou rejoindre le\u00a0<a href=\"https:\/\/t.me\/VoirFilm_Groupe\" rel=\"nofollow\"><strong>groupe de discussion Telegram<\/strong><\/a>\u00a0pour des \u00e9changes autour de l\u2019application de streaming.<\/p>\n","protected":false},"excerpt":{"rendered":"<p>Nous sommes tr\u00e8s heureux de savoir que vous \u00eates sur cette page pour nous laisser une suggestion, une remarque, une demande du contenu ou autrement quelque chose de plus importante pour l&rsquo;am\u00e9lioration de l&rsquo;application Voir Film TV. Veuillez utiliser le formulaire pour nous contacter ! Address: Lorem 15 Str., 4844, Ipsum, State, UK Phone: +30-2106019311 [&hellip;]<\/p>\n","protected":false},"author":1,"featured_media":0,"parent":0,"menu_order":0,"comment_status":"closed","ping_status":"closed","template":"","meta":{"footnotes":""},"class_list":["post-1151","page","type-page","status-publish"],"jetpack_sharing_enabled":true,"_links":{"self":[{"href":"https:\/\/voirfilmtv.com\/en\/wp-json\/wp\/v2\/pages\/1151","targetHints":{"allow":["GET"]}}],"collection":[{"href":"https:\/\/voirfilmtv.com\/en\/wp-json\/wp\/v2\/pages"}],"about":[{"href":"https:\/\/voirfilmtv.com\/en\/wp-json\/wp\/v2\/types\/page"}],"author":[{"embeddable":true,"href":"https:\/\/voirfilmtv.com\/en\/wp-json\/wp\/v2\/users\/1"}],"replies":[{"embeddable":true,"href":"https:\/\/voirfilmtv.com\/en\/wp-json\/wp\/v2\/comments?post=1151"}],"version-history":[{"count":3,"href":"https:\/\/voirfilmtv.com\/en\/wp-json\/wp\/v2\/pages\/1151\/revisions"}],"predecessor-version":[{"id":7841,"href":"https:\/\/voirfilmtv.com\/en\/wp-json\/wp\/v2\/pages\/1151\/revisions\/7841"}],"wp:attachment":[{"href":"https:\/\/voirfilmtv.com\/en\/wp-json\/wp\/v2\/media?parent=1151"}],"curies":[{"name":"wp","href":"https:\/\/api.w.org\/{rel}","templated":true}]}}